{"id":439,"date":"2022-07-13T14:26:32","date_gmt":"2022-07-13T14:26:32","guid":{"rendered":"http:\/\/yosublimo.disenioestudiog.com.ar\/?page_id=439"},"modified":"2022-08-18T16:06:23","modified_gmt":"2022-08-18T16:06:23","slug":"cuellos-termicos","status":"publish","type":"page","link":"https:\/\/yosublimo.disenioestudiog.com.ar\/?page_id=439","title":{"rendered":"Cuellos t\u00e9rmicos"},"content":{"rendered":"\t\t<div data-elementor-type=\"wp-page\" data-elementor-id=\"439\" class=\"elementor elementor-439\">\n\t\t\t\t\t\t<section class=\"elementor-section elementor-top-section elementor-element elementor-element-11554b2 elementor-section-boxed elementor-section-height-default elementor-section-height-default\" data-id=\"11554b2\" data-element_type=\"section\" data-e-type=\"section\">\n\t\t\t\t\t\t<div class=\"elementor-container elementor-column-gap-default\">\n\t\t\t\t\t<div class=\"elementor-column elementor-col-100 elementor-top-column elementor-element elementor-element-eb15427\" data-id=\"eb15427\" data-element_type=\"column\" data-e-type=\"column\">\n\t\t\t<div class=\"elementor-widget-wrap elementor-element-populated\">\n\t\t\t\t\t\t<div class=\"elementor-element elementor-element-4b5d1d1 elementor-widget elementor-widget-spacer\" data-id=\"4b5d1d1\" data-element_type=\"widget\" data-e-type=\"widget\" data-widget_type=\"spacer.default\">\n\t\t\t\t<div class=\"elementor-widget-container\">\n\t\t\t\t\t\t\t<div class=\"elementor-spacer\">\n\t\t\t<div class=\"elementor-spacer-inner\"><\/div>\n\t\t<\/div>\n\t\t\t\t\t\t<\/div>\n\t\t\t\t<\/div>\n\t\t\t\t\t<\/div>\n\t\t<\/div>\n\t\t\t\t\t<\/div>\n\t\t<\/section>\n\t\t\t\t<section class=\"elementor-section elementor-top-section elementor-element elementor-element-7190e21 elementor-section-boxed elementor-section-height-default elementor-section-height-default\" data-id=\"7190e21\" data-element_type=\"section\" data-e-type=\"section\">\n\t\t\t\t\t\t<div class=\"elementor-container elementor-column-gap-default\">\n\t\t\t\t\t<div class=\"elementor-column elementor-col-100 elementor-top-column elementor-element elementor-element-cc9727f\" data-id=\"cc9727f\" data-element_type=\"column\" data-e-type=\"column\">\n\t\t\t<div class=\"elementor-widget-wrap elementor-element-populated\">\n\t\t\t\t\t\t<div class=\"elementor-element elementor-element-b7dad14 elementor-widget elementor-widget-image\" data-id=\"b7dad14\" data-element_type=\"widget\" data-e-type=\"widget\" data-widget_type=\"image.default\">\n\t\t\t\t<div class=\"elementor-widget-container\">\n\t\t\t\t\t\t\t\t\t\t\t\t\t\t\t<img fetchpriority=\"high\" decoding=\"async\" width=\"300\" height=\"240\" src=\"https:\/\/yosublimo.disenioestudiog.com.ar\/wp-content\/uploads\/2022\/07\/modos-de-cuellos-termicos-300x240.png\" class=\"attachment-medium size-medium wp-image-442\" alt=\"\" srcset=\"https:\/\/yosublimo.disenioestudiog.com.ar\/wp-content\/uploads\/2022\/07\/modos-de-cuellos-termicos-300x240.png 300w, https:\/\/yosublimo.disenioestudiog.com.ar\/wp-content\/uploads\/2022\/07\/modos-de-cuellos-termicos-600x480.png 600w, https:\/\/yosublimo.disenioestudiog.com.ar\/wp-content\/uploads\/2022\/07\/modos-de-cuellos-termicos.png 704w\" sizes=\"(max-width: 300px) 100vw, 300px\" \/>\t\t\t\t\t\t\t\t\t\t\t\t\t\t\t<\/div>\n\t\t\t\t<\/div>\n\t\t\t\t\t<\/div>\n\t\t<\/div>\n\t\t\t\t\t<\/div>\n\t\t<\/section>\n\t\t\t\t<section class=\"elementor-section elementor-top-section elementor-element elementor-element-b35880e elementor-section-boxed elementor-section-height-default elementor-section-height-default\" data-id=\"b35880e\" data-element_type=\"section\" data-e-type=\"section\">\n\t\t\t\t\t\t<div class=\"elementor-container elementor-column-gap-default\">\n\t\t\t\t\t<div class=\"elementor-column elementor-col-100 elementor-top-column elementor-element elementor-element-01cf5b9\" data-id=\"01cf5b9\" data-element_type=\"column\" data-e-type=\"column\">\n\t\t\t<div class=\"elementor-widget-wrap elementor-element-populated\">\n\t\t\t\t\t\t<div class=\"elementor-element elementor-element-5e106b8 elementor-widget elementor-widget-spacer\" data-id=\"5e106b8\" data-element_type=\"widget\" data-e-type=\"widget\" data-widget_type=\"spacer.default\">\n\t\t\t\t<div class=\"elementor-widget-container\">\n\t\t\t\t\t\t\t<div class=\"elementor-spacer\">\n\t\t\t<div class=\"elementor-spacer-inner\"><\/div>\n\t\t<\/div>\n\t\t\t\t\t\t<\/div>\n\t\t\t\t<\/div>\n\t\t\t\t\t<\/div>\n\t\t<\/div>\n\t\t\t\t\t<\/div>\n\t\t<\/section>\n\t\t\t\t<section class=\"elementor-section elementor-top-section elementor-element elementor-element-d8b303f elementor-section-boxed elementor-section-height-default elementor-section-height-default\" data-id=\"d8b303f\" data-element_type=\"section\" data-e-type=\"section\">\n\t\t\t\t\t\t<div class=\"elementor-container elementor-column-gap-default\">\n\t\t\t\t\t<div class=\"elementor-column elementor-col-100 elementor-top-column elementor-element elementor-element-c3d2ac8\" data-id=\"c3d2ac8\" data-element_type=\"column\" data-e-type=\"column\">\n\t\t\t<div class=\"elementor-widget-wrap elementor-element-populated\">\n\t\t\t\t\t\t<div class=\"elementor-element elementor-element-7e06440 elementor-widget elementor-widget-heading\" data-id=\"7e06440\" data-element_type=\"widget\" data-e-type=\"widget\" data-widget_type=\"heading.default\">\n\t\t\t\t<div class=\"elementor-widget-container\">\n\t\t\t\t\t<h2 class=\"elementor-heading-title elementor-size-medium\">Los cuellos t\u00e9rmicos est\u00e1n confeccionados con tela SPUN y Modal SOFT sublimable. Se lo puede utilizar de muchas formas como figura en el gr\u00e1fico. Sirve de protecci\u00f3n, abrigo y sost\u00e9n.<\/h2>\t\t\t\t<\/div>\n\t\t\t\t<\/div>\n\t\t\t\t\t<\/div>\n\t\t<\/div>\n\t\t\t\t\t<\/div>\n\t\t<\/section>\n\t\t\t\t<section class=\"elementor-section elementor-top-section elementor-element elementor-element-4533cbd elementor-section-boxed elementor-section-height-default elementor-section-height-default\" data-id=\"4533cbd\" data-element_type=\"section\" data-e-type=\"section\">\n\t\t\t\t\t\t<div class=\"elementor-container elementor-column-gap-default\">\n\t\t\t\t\t<div class=\"elementor-column elementor-col-100 elementor-top-column elementor-element elementor-element-621e06c\" data-id=\"621e06c\" data-element_type=\"column\" data-e-type=\"column\">\n\t\t\t<div class=\"elementor-widget-wrap elementor-element-populated\">\n\t\t\t\t\t\t<div class=\"elementor-element elementor-element-ebcb152 elementor-widget elementor-widget-spacer\" data-id=\"ebcb152\" data-element_type=\"widget\" data-e-type=\"widget\" data-widget_type=\"spacer.default\">\n\t\t\t\t<div class=\"elementor-widget-container\">\n\t\t\t\t\t\t\t<div class=\"elementor-spacer\">\n\t\t\t<div class=\"elementor-spacer-inner\"><\/div>\n\t\t<\/div>\n\t\t\t\t\t\t<\/div>\n\t\t\t\t<\/div>\n\t\t\t\t\t<\/div>\n\t\t<\/div>\n\t\t\t\t\t<\/div>\n\t\t<\/section>\n\t\t\t\t<section class=\"elementor-section elementor-top-section elementor-element elementor-element-730035f elementor-section-boxed elementor-section-height-default elementor-section-height-default\" data-id=\"730035f\" data-element_type=\"section\" data-e-type=\"section\">\n\t\t\t\t\t\t<div class=\"elementor-container elementor-column-gap-default\">\n\t\t\t\t\t<div class=\"elementor-column elementor-col-100 elementor-top-column elementor-element elementor-element-5f17f78\" data-id=\"5f17f78\" data-element_type=\"column\" data-e-type=\"column\">\n\t\t\t<div class=\"elementor-widget-wrap elementor-element-populated\">\n\t\t\t\t\t\t<div class=\"elementor-element elementor-element-13ffc78 elementor-widget elementor-widget-heading\" data-id=\"13ffc78\" data-element_type=\"widget\" data-e-type=\"widget\" data-widget_type=\"heading.default\">\n\t\t\t\t<div class=\"elementor-widget-container\">\n\t\t\t\t\t<h2 class=\"elementor-heading-title elementor-size-default\">Motos<\/h2>\t\t\t\t<\/div>\n\t\t\t\t<\/div>\n\t\t\t\t\t<\/div>\n\t\t<\/div>\n\t\t\t\t\t<\/div>\n\t\t<\/section>\n\t\t\t\t<section class=\"elementor-section elementor-top-section elementor-element elementor-element-3b6aa95 elementor-section-boxed elementor-section-height-default elementor-section-height-default\" data-id=\"3b6aa95\" data-element_type=\"section\" data-e-type=\"section\">\n\t\t\t\t\t\t<div class=\"elementor-container elementor-column-gap-default\">\n\t\t\t\t\t<div class=\"elementor-column elementor-col-100 elementor-top-column elementor-element elementor-element-c15c18f\" data-id=\"c15c18f\" data-element_type=\"column\" data-e-type=\"column\">\n\t\t\t<div class=\"elementor-widget-wrap elementor-element-populated\">\n\t\t\t\t\t\t<div class=\"elementor-element elementor-element-a2d1d14 gallery-spacing-custom elementor-widget elementor-widget-image-gallery\" data-id=\"a2d1d14\" data-element_type=\"widget\" data-e-type=\"widget\" data-widget_type=\"image-gallery.default\">\n\t\t\t\t<div class=\"elementor-widget-container\">\n\t\t\t\t\t\t\t<div class=\"elementor-image-gallery\">\n\t\t\t<div id='gallery-1' class='gallery galleryid-439 gallery-columns-3 gallery-size-medium_large'><figure class='gallery-item'>\n\t\t\t<div class='gallery-icon landscape'>\n\t\t\t\t<a data-elementor-open-lightbox=\"yes\" data-elementor-lightbox-slideshow=\"a2d1d14\" data-elementor-lightbox-title=\"HONDA\" data-e-action-hash=\"#elementor-action%3Aaction%3Dlightbox%26settings%3DeyJpZCI6NDQ3LCJ1cmwiOiJodHRwczpcL1wveW9zdWJsaW1vLmRpc2VuaW9lc3R1ZGlvZy5jb20uYXJcL3dwLWNvbnRlbnRcL3VwbG9hZHNcLzIwMjJcLzA3XC9Ib25kYS5qcGciLCJzbGlkZXNob3ciOiJhMmQxZDE0In0%3D\" href='https:\/\/yosublimo.disenioestudiog.com.ar\/wp-content\/uploads\/2022\/07\/Honda.jpg'><img decoding=\"async\" width=\"768\" height=\"768\" src=\"https:\/\/yosublimo.disenioestudiog.com.ar\/wp-content\/uploads\/2022\/07\/Honda-768x768.jpg\" class=\"attachment-medium_large size-medium_large\" alt=\"\" srcset=\"https:\/\/yosublimo.disenioestudiog.com.ar\/wp-content\/uploads\/2022\/07\/Honda-768x768.jpg 768w, https:\/\/yosublimo.disenioestudiog.com.ar\/wp-content\/uploads\/2022\/07\/Honda-300x300.jpg 300w, https:\/\/yosublimo.disenioestudiog.com.ar\/wp-content\/uploads\/2022\/07\/Honda-1024x1024.jpg 1024w, https:\/\/yosublimo.disenioestudiog.com.ar\/wp-content\/uploads\/2022\/07\/Honda-150x150.jpg 150w, https:\/\/yosublimo.disenioestudiog.com.ar\/wp-content\/uploads\/2022\/07\/Honda.jpg 1260w\" sizes=\"(max-width: 768px) 100vw, 768px\" \/><\/a>\n\t\t\t<\/div><\/figure><figure class='gallery-item'>\n\t\t\t<div class='gallery-icon landscape'>\n\t\t\t\t<a data-elementor-open-lightbox=\"yes\" data-elementor-lightbox-slideshow=\"a2d1d14\" data-elementor-lightbox-title=\"HONDA\" data-e-action-hash=\"#elementor-action%3Aaction%3Dlightbox%26settings%3DeyJpZCI6NDQ4LCJ1cmwiOiJodHRwczpcL1wveW9zdWJsaW1vLmRpc2VuaW9lc3R1ZGlvZy5jb20uYXJcL3dwLWNvbnRlbnRcL3VwbG9hZHNcLzIwMjJcLzA3XC9Ib25kYS0yLmpwZyIsInNsaWRlc2hvdyI6ImEyZDFkMTQifQ%3D%3D\" href='https:\/\/yosublimo.disenioestudiog.com.ar\/wp-content\/uploads\/2022\/07\/Honda-2.jpg'><img decoding=\"async\" width=\"768\" height=\"768\" src=\"https:\/\/yosublimo.disenioestudiog.com.ar\/wp-content\/uploads\/2022\/07\/Honda-2-768x768.jpg\" class=\"attachment-medium_large size-medium_large\" alt=\"\" srcset=\"https:\/\/yosublimo.disenioestudiog.com.ar\/wp-content\/uploads\/2022\/07\/Honda-2-768x768.jpg 768w, https:\/\/yosublimo.disenioestudiog.com.ar\/wp-content\/uploads\/2022\/07\/Honda-2-300x300.jpg 300w, https:\/\/yosublimo.disenioestudiog.com.ar\/wp-content\/uploads\/2022\/07\/Honda-2-1024x1024.jpg 1024w, https:\/\/yosublimo.disenioestudiog.com.ar\/wp-content\/uploads\/2022\/07\/Honda-2-150x150.jpg 150w, https:\/\/yosublimo.disenioestudiog.com.ar\/wp-content\/uploads\/2022\/07\/Honda-2.jpg 1260w\" sizes=\"(max-width: 768px) 100vw, 768px\" \/><\/a>\n\t\t\t<\/div><\/figure><figure class='gallery-item'>\n\t\t\t<div class='gallery-icon landscape'>\n\t\t\t\t<a data-elementor-open-lightbox=\"yes\" data-elementor-lightbox-slideshow=\"a2d1d14\" data-elementor-lightbox-title=\"RUTA 40\" data-e-action-hash=\"#elementor-action%3Aaction%3Dlightbox%26settings%3DeyJpZCI6NDU1LCJ1cmwiOiJodHRwczpcL1wveW9zdWJsaW1vLmRpc2VuaW9lc3R1ZGlvZy5jb20uYXJcL3dwLWNvbnRlbnRcL3VwbG9hZHNcLzIwMjJcLzA3XC9SNDAuanBnIiwic2xpZGVzaG93IjoiYTJkMWQxNCJ9\" href='https:\/\/yosublimo.disenioestudiog.com.ar\/wp-content\/uploads\/2022\/07\/R40.jpg'><img loading=\"lazy\" decoding=\"async\" width=\"768\" height=\"768\" src=\"https:\/\/yosublimo.disenioestudiog.com.ar\/wp-content\/uploads\/2022\/07\/R40-768x768.jpg\" class=\"attachment-medium_large size-medium_large\" alt=\"\" srcset=\"https:\/\/yosublimo.disenioestudiog.com.ar\/wp-content\/uploads\/2022\/07\/R40-768x768.jpg 768w, https:\/\/yosublimo.disenioestudiog.com.ar\/wp-content\/uploads\/2022\/07\/R40-300x300.jpg 300w, https:\/\/yosublimo.disenioestudiog.com.ar\/wp-content\/uploads\/2022\/07\/R40-1024x1024.jpg 1024w, https:\/\/yosublimo.disenioestudiog.com.ar\/wp-content\/uploads\/2022\/07\/R40-150x150.jpg 150w, https:\/\/yosublimo.disenioestudiog.com.ar\/wp-content\/uploads\/2022\/07\/R40.jpg 1260w\" sizes=\"(max-width: 768px) 100vw, 768px\" \/><\/a>\n\t\t\t<\/div><\/figure><figure class='gallery-item'>\n\t\t\t<div class='gallery-icon landscape'>\n\t\t\t\t<a data-elementor-open-lightbox=\"yes\" data-elementor-lightbox-slideshow=\"a2d1d14\" data-elementor-lightbox-title=\"RUTA 40\" data-e-action-hash=\"#elementor-action%3Aaction%3Dlightbox%26settings%3DeyJpZCI6NDYwLCJ1cmwiOiJodHRwczpcL1wveW9zdWJsaW1vLmRpc2VuaW9lc3R1ZGlvZy5jb20uYXJcL3dwLWNvbnRlbnRcL3VwbG9hZHNcLzIwMjJcLzA3XC9SdXRhLTQwLmpwZyIsInNsaWRlc2hvdyI6ImEyZDFkMTQifQ%3D%3D\" href='https:\/\/yosublimo.disenioestudiog.com.ar\/wp-content\/uploads\/2022\/07\/Ruta-40.jpg'><img loading=\"lazy\" decoding=\"async\" width=\"768\" height=\"768\" src=\"https:\/\/yosublimo.disenioestudiog.com.ar\/wp-content\/uploads\/2022\/07\/Ruta-40-768x768.jpg\" class=\"attachment-medium_large size-medium_large\" alt=\"\" srcset=\"https:\/\/yosublimo.disenioestudiog.com.ar\/wp-content\/uploads\/2022\/07\/Ruta-40-768x768.jpg 768w, https:\/\/yosublimo.disenioestudiog.com.ar\/wp-content\/uploads\/2022\/07\/Ruta-40-300x300.jpg 300w, https:\/\/yosublimo.disenioestudiog.com.ar\/wp-content\/uploads\/2022\/07\/Ruta-40-1024x1024.jpg 1024w, https:\/\/yosublimo.disenioestudiog.com.ar\/wp-content\/uploads\/2022\/07\/Ruta-40-150x150.jpg 150w, https:\/\/yosublimo.disenioestudiog.com.ar\/wp-content\/uploads\/2022\/07\/Ruta-40.jpg 1260w\" sizes=\"(max-width: 768px) 100vw, 768px\" \/><\/a>\n\t\t\t<\/div><\/figure><figure class='gallery-item'>\n\t\t\t<div class='gallery-icon landscape'>\n\t\t\t\t<a data-elementor-open-lightbox=\"yes\" data-elementor-lightbox-slideshow=\"a2d1d14\" data-elementor-lightbox-title=\"Honda\" data-e-action-hash=\"#elementor-action%3Aaction%3Dlightbox%26settings%3DeyJpZCI6NTI2LCJ1cmwiOiJodHRwczpcL1wveW9zdWJsaW1vLmRpc2VuaW9lc3R1ZGlvZy5jb20uYXJcL3dwLWNvbnRlbnRcL3VwbG9hZHNcLzIwMjJcLzA4XC9Ib25kYS0zLmpwZyIsInNsaWRlc2hvdyI6ImEyZDFkMTQifQ%3D%3D\" href='https:\/\/yosublimo.disenioestudiog.com.ar\/wp-content\/uploads\/2022\/08\/Honda-3.jpg'><img loading=\"lazy\" decoding=\"async\" width=\"768\" height=\"768\" src=\"https:\/\/yosublimo.disenioestudiog.com.ar\/wp-content\/uploads\/2022\/08\/Honda-3-768x768.jpg\" class=\"attachment-medium_large size-medium_large\" alt=\"\" srcset=\"https:\/\/yosublimo.disenioestudiog.com.ar\/wp-content\/uploads\/2022\/08\/Honda-3-768x768.jpg 768w, https:\/\/yosublimo.disenioestudiog.com.ar\/wp-content\/uploads\/2022\/08\/Honda-3-300x300.jpg 300w, https:\/\/yosublimo.disenioestudiog.com.ar\/wp-content\/uploads\/2022\/08\/Honda-3-1024x1024.jpg 1024w, https:\/\/yosublimo.disenioestudiog.com.ar\/wp-content\/uploads\/2022\/08\/Honda-3-150x150.jpg 150w, https:\/\/yosublimo.disenioestudiog.com.ar\/wp-content\/uploads\/2022\/08\/Honda-3.jpg 1260w\" sizes=\"(max-width: 768px) 100vw, 768px\" \/><\/a>\n\t\t\t<\/div><\/figure>\n\t\t<\/div>\n\t\t<\/div>\n\t\t\t\t\t\t<\/div>\n\t\t\t\t<\/div>\n\t\t\t\t\t<\/div>\n\t\t<\/div>\n\t\t\t\t\t<\/div>\n\t\t<\/section>\n\t\t\t\t<section class=\"elementor-section elementor-top-section elementor-element elementor-element-d5bd65a elementor-section-boxed elementor-section-height-default elementor-section-height-default\" data-id=\"d5bd65a\" data-element_type=\"section\" data-e-type=\"section\">\n\t\t\t\t\t\t<div class=\"elementor-container elementor-column-gap-default\">\n\t\t\t\t\t<div class=\"elementor-column elementor-col-100 elementor-top-column elementor-element elementor-element-329e0d7\" data-id=\"329e0d7\" data-element_type=\"column\" data-e-type=\"column\">\n\t\t\t<div class=\"elementor-widget-wrap elementor-element-populated\">\n\t\t\t\t\t\t<div class=\"elementor-element elementor-element-1f4b378 elementor-widget elementor-widget-heading\" data-id=\"1f4b378\" data-element_type=\"widget\" data-e-type=\"widget\" data-widget_type=\"heading.default\">\n\t\t\t\t<div class=\"elementor-widget-container\">\n\t\t\t\t\t<h2 class=\"elementor-heading-title elementor-size-default\">Personajes<\/h2>\t\t\t\t<\/div>\n\t\t\t\t<\/div>\n\t\t\t\t\t<\/div>\n\t\t<\/div>\n\t\t\t\t\t<\/div>\n\t\t<\/section>\n\t\t\t\t<section class=\"elementor-section elementor-top-section elementor-element elementor-element-f99df60 elementor-section-boxed elementor-section-height-default elementor-section-height-default\" data-id=\"f99df60\" data-element_type=\"section\" data-e-type=\"section\">\n\t\t\t\t\t\t<div class=\"elementor-container elementor-column-gap-default\">\n\t\t\t\t\t<div class=\"elementor-column elementor-col-100 elementor-top-column elementor-element elementor-element-9bba842\" data-id=\"9bba842\" data-element_type=\"column\" data-e-type=\"column\">\n\t\t\t<div class=\"elementor-widget-wrap elementor-element-populated\">\n\t\t\t\t\t\t<div class=\"elementor-element elementor-element-aea1261 gallery-spacing-custom elementor-widget elementor-widget-image-gallery\" data-id=\"aea1261\" data-element_type=\"widget\" data-e-type=\"widget\" data-widget_type=\"image-gallery.default\">\n\t\t\t\t<div class=\"elementor-widget-container\">\n\t\t\t\t\t\t\t<div class=\"elementor-image-gallery\">\n\t\t\t<div id='gallery-2' class='gallery galleryid-439 gallery-columns-3 gallery-size-medium_large'><figure class='gallery-item'>\n\t\t\t<div class='gallery-icon landscape'>\n\t\t\t\t<a data-elementor-open-lightbox=\"yes\" data-elementor-lightbox-slideshow=\"aea1261\" data-elementor-lightbox-title=\"Kitty_Snoopy 2\" data-e-action-hash=\"#elementor-action%3Aaction%3Dlightbox%26settings%3DeyJpZCI6NTI3LCJ1cmwiOiJodHRwczpcL1wveW9zdWJsaW1vLmRpc2VuaW9lc3R1ZGlvZy5jb20uYXJcL3dwLWNvbnRlbnRcL3VwbG9hZHNcLzIwMjJcLzA4XC9LaXR0eV9Tbm9vcHktMi5qcGciLCJzbGlkZXNob3ciOiJhZWExMjYxIn0%3D\" href='https:\/\/yosublimo.disenioestudiog.com.ar\/wp-content\/uploads\/2022\/08\/Kitty_Snoopy-2.jpg'><img loading=\"lazy\" decoding=\"async\" width=\"768\" height=\"768\" src=\"https:\/\/yosublimo.disenioestudiog.com.ar\/wp-content\/uploads\/2022\/08\/Kitty_Snoopy-2-768x768.jpg\" class=\"attachment-medium_large size-medium_large\" alt=\"\" srcset=\"https:\/\/yosublimo.disenioestudiog.com.ar\/wp-content\/uploads\/2022\/08\/Kitty_Snoopy-2-768x768.jpg 768w, https:\/\/yosublimo.disenioestudiog.com.ar\/wp-content\/uploads\/2022\/08\/Kitty_Snoopy-2-300x300.jpg 300w, https:\/\/yosublimo.disenioestudiog.com.ar\/wp-content\/uploads\/2022\/08\/Kitty_Snoopy-2-1024x1024.jpg 1024w, https:\/\/yosublimo.disenioestudiog.com.ar\/wp-content\/uploads\/2022\/08\/Kitty_Snoopy-2-150x150.jpg 150w, https:\/\/yosublimo.disenioestudiog.com.ar\/wp-content\/uploads\/2022\/08\/Kitty_Snoopy-2.jpg 1260w\" sizes=\"(max-width: 768px) 100vw, 768px\" \/><\/a>\n\t\t\t<\/div><\/figure>\n\t\t<\/div>\n\t\t<\/div>\n\t\t\t\t\t\t<\/div>\n\t\t\t\t<\/div>\n\t\t\t\t\t<\/div>\n\t\t<\/div>\n\t\t\t\t\t<\/div>\n\t\t<\/section>\n\t\t\t\t<section class=\"elementor-section elementor-top-section elementor-element elementor-element-6678dcf elementor-section-boxed elementor-section-height-default elementor-section-height-default\" data-id=\"6678dcf\" data-element_type=\"section\" data-e-type=\"section\">\n\t\t\t\t\t\t<div class=\"elementor-container elementor-column-gap-default\">\n\t\t\t\t\t<div class=\"elementor-column elementor-col-100 elementor-top-column elementor-element elementor-element-8a2479e\" data-id=\"8a2479e\" data-element_type=\"column\" data-e-type=\"column\">\n\t\t\t<div class=\"elementor-widget-wrap elementor-element-populated\">\n\t\t\t\t\t\t\t<\/div>\n\t\t<\/div>\n\t\t\t\t\t<\/div>\n\t\t<\/section>\n\t\t\t\t<section class=\"elementor-section elementor-top-section elementor-element elementor-element-189213b elementor-section-boxed elementor-section-height-default elementor-section-height-default\" data-id=\"189213b\" data-element_type=\"section\" data-e-type=\"section\">\n\t\t\t\t\t\t<div class=\"elementor-container elementor-column-gap-default\">\n\t\t\t\t\t<div class=\"elementor-column elementor-col-100 elementor-top-column elementor-element elementor-element-a13f51e\" data-id=\"a13f51e\" data-element_type=\"column\" data-e-type=\"column\">\n\t\t\t<div class=\"elementor-widget-wrap elementor-element-populated\">\n\t\t\t\t\t\t<div class=\"elementor-element elementor-element-de723e8 elementor-widget elementor-widget-heading\" data-id=\"de723e8\" data-element_type=\"widget\" data-e-type=\"widget\" data-widget_type=\"heading.default\">\n\t\t\t\t<div class=\"elementor-widget-container\">\n\t\t\t\t\t<h2 class=\"elementor-heading-title elementor-size-default\">Varios<\/h2>\t\t\t\t<\/div>\n\t\t\t\t<\/div>\n\t\t\t\t\t<\/div>\n\t\t<\/div>\n\t\t\t\t\t<\/div>\n\t\t<\/section>\n\t\t\t\t<section class=\"elementor-section elementor-top-section elementor-element elementor-element-005958e elementor-section-boxed elementor-section-height-default elementor-section-height-default\" data-id=\"005958e\" data-element_type=\"section\" data-e-type=\"section\">\n\t\t\t\t\t\t<div class=\"elementor-container elementor-column-gap-default\">\n\t\t\t\t\t<div class=\"elementor-column elementor-col-100 elementor-top-column elementor-element elementor-element-c052039\" data-id=\"c052039\" data-element_type=\"column\" data-e-type=\"column\">\n\t\t\t<div class=\"elementor-widget-wrap elementor-element-populated\">\n\t\t\t\t\t\t<div class=\"elementor-element elementor-element-d376bf0 gallery-spacing-custom elementor-widget elementor-widget-image-gallery\" data-id=\"d376bf0\" data-element_type=\"widget\" data-e-type=\"widget\" data-widget_type=\"image-gallery.default\">\n\t\t\t\t<div class=\"elementor-widget-container\">\n\t\t\t\t\t\t\t<div class=\"elementor-image-gallery\">\n\t\t\t<div id='gallery-3' class='gallery galleryid-439 gallery-columns-3 gallery-size-medium_large'><figure class='gallery-item'>\n\t\t\t<div class='gallery-icon landscape'>\n\t\t\t\t<a data-elementor-open-lightbox=\"yes\" data-elementor-lightbox-slideshow=\"d376bf0\" data-elementor-lightbox-title=\"GUARDIANES\" data-e-action-hash=\"#elementor-action%3Aaction%3Dlightbox%26settings%3DeyJpZCI6NDc4LCJ1cmwiOiJodHRwczpcL1wveW9zdWJsaW1vLmRpc2VuaW9lc3R1ZGlvZy5jb20uYXJcL3dwLWNvbnRlbnRcL3VwbG9hZHNcLzIwMjJcLzA3XC9ndWFyZGlhbmVzLmpwZyIsInNsaWRlc2hvdyI6ImQzNzZiZjAifQ%3D%3D\" href='https:\/\/yosublimo.disenioestudiog.com.ar\/wp-content\/uploads\/2022\/07\/guardianes.jpg'><img loading=\"lazy\" decoding=\"async\" width=\"283\" height=\"283\" src=\"https:\/\/yosublimo.disenioestudiog.com.ar\/wp-content\/uploads\/2022\/07\/guardianes.jpg\" class=\"attachment-medium_large size-medium_large\" alt=\"\" srcset=\"https:\/\/yosublimo.disenioestudiog.com.ar\/wp-content\/uploads\/2022\/07\/guardianes.jpg 283w, https:\/\/yosublimo.disenioestudiog.com.ar\/wp-content\/uploads\/2022\/07\/guardianes-150x150.jpg 150w\" sizes=\"(max-width: 283px) 100vw, 283px\" \/><\/a>\n\t\t\t<\/div><\/figure><figure class='gallery-item'>\n\t\t\t<div class='gallery-icon landscape'>\n\t\t\t\t<a data-elementor-open-lightbox=\"yes\" data-elementor-lightbox-slideshow=\"d376bf0\" data-elementor-lightbox-title=\"River Plate\" data-e-action-hash=\"#elementor-action%3Aaction%3Dlightbox%26settings%3DeyJpZCI6NTI5LCJ1cmwiOiJodHRwczpcL1wveW9zdWJsaW1vLmRpc2VuaW9lc3R1ZGlvZy5jb20uYXJcL3dwLWNvbnRlbnRcL3VwbG9hZHNcLzIwMjJcLzA4XC9SaXZlci1QbGF0ZS5qcGciLCJzbGlkZXNob3ciOiJkMzc2YmYwIn0%3D\" href='https:\/\/yosublimo.disenioestudiog.com.ar\/wp-content\/uploads\/2022\/08\/River-Plate.jpg'><img loading=\"lazy\" decoding=\"async\" width=\"768\" height=\"768\" src=\"https:\/\/yosublimo.disenioestudiog.com.ar\/wp-content\/uploads\/2022\/08\/River-Plate-768x768.jpg\" class=\"attachment-medium_large size-medium_large\" alt=\"\" srcset=\"https:\/\/yosublimo.disenioestudiog.com.ar\/wp-content\/uploads\/2022\/08\/River-Plate-768x768.jpg 768w, https:\/\/yosublimo.disenioestudiog.com.ar\/wp-content\/uploads\/2022\/08\/River-Plate-300x300.jpg 300w, https:\/\/yosublimo.disenioestudiog.com.ar\/wp-content\/uploads\/2022\/08\/River-Plate-1024x1024.jpg 1024w, https:\/\/yosublimo.disenioestudiog.com.ar\/wp-content\/uploads\/2022\/08\/River-Plate-150x150.jpg 150w, https:\/\/yosublimo.disenioestudiog.com.ar\/wp-content\/uploads\/2022\/08\/River-Plate.jpg 1260w\" sizes=\"(max-width: 768px) 100vw, 768px\" \/><\/a>\n\t\t\t<\/div><\/figure>\n\t\t<\/div>\n\t\t<\/div>\n\t\t\t\t\t\t<\/div>\n\t\t\t\t<\/div>\n\t\t\t\t\t<\/div>\n\t\t<\/div>\n\t\t\t\t\t<\/div>\n\t\t<\/section>\n\t\t\t\t<\/div>\n\t\t","protected":false},"excerpt":{"rendered":"<p>Los cuellos t\u00e9rmicos est\u00e1n confeccionados con tela SPUN y Modal SOFT sublimable. Se lo puede utilizar de muchas formas como figura en el gr\u00e1fico. Sirve de protecci\u00f3n, abrigo y sost\u00e9n.&hellip; <\/p>\n","protected":false},"author":2,"featured_media":0,"parent":0,"menu_order":0,"comment_status":"closed","ping_status":"closed","template":"","meta":{"footnotes":""},"class_list":["post-439","page","type-page","status-publish","hentry"],"_links":{"self":[{"href":"https:\/\/yosublimo.disenioestudiog.com.ar\/index.php?rest_route=\/wp\/v2\/pages\/439","targetHints":{"allow":["GET"]}}],"collection":[{"href":"https:\/\/yosublimo.disenioestudiog.com.ar\/index.php?rest_route=\/wp\/v2\/pages"}],"about":[{"href":"https:\/\/yosublimo.disenioestudiog.com.ar\/index.php?rest_route=\/wp\/v2\/types\/page"}],"author":[{"embeddable":true,"href":"https:\/\/yosublimo.disenioestudiog.com.ar\/index.php?rest_route=\/wp\/v2\/users\/2"}],"replies":[{"embeddable":true,"href":"https:\/\/yosublimo.disenioestudiog.com.ar\/index.php?rest_route=%2Fwp%2Fv2%2Fcomments&post=439"}],"version-history":[{"count":30,"href":"https:\/\/yosublimo.disenioestudiog.com.ar\/index.php?rest_route=\/wp\/v2\/pages\/439\/revisions"}],"predecessor-version":[{"id":532,"href":"https:\/\/yosublimo.disenioestudiog.com.ar\/index.php?rest_route=\/wp\/v2\/pages\/439\/revisions\/532"}],"wp:attachment":[{"href":"https:\/\/yosublimo.disenioestudiog.com.ar\/index.php?rest_route=%2Fwp%2Fv2%2Fmedia&parent=439"}],"curies":[{"name":"wp","href":"https:\/\/api.w.org\/{rel}","templated":true}]}}