{"id":11,"date":"2021-08-27T12:18:37","date_gmt":"2021-08-27T12:18:37","guid":{"rendered":"http:\/\/yosublimo.disenioestudiog.com.ar\/?page_id=11"},"modified":"2021-09-17T11:58:57","modified_gmt":"2021-09-17T11:58:57","slug":"acerca-de","status":"publish","type":"page","link":"https:\/\/yosublimo.disenioestudiog.com.ar\/?page_id=11","title":{"rendered":"Acerca de"},"content":{"rendered":"\t\t<div data-elementor-type=\"wp-page\" data-elementor-id=\"11\" class=\"elementor elementor-11\">\n\t\t\t\t\t\t<section class=\"elementor-section elementor-top-section elementor-element elementor-element-8be1e42 elementor-section-boxed elementor-section-height-default elementor-section-height-default\" data-id=\"8be1e42\" data-element_type=\"section\" data-e-type=\"section\">\n\t\t\t\t\t\t<div class=\"elementor-container elementor-column-gap-default\">\n\t\t\t\t\t<div class=\"elementor-column elementor-col-100 elementor-top-column elementor-element elementor-element-24d0acd\" data-id=\"24d0acd\" data-element_type=\"column\" data-e-type=\"column\">\n\t\t\t<div class=\"elementor-widget-wrap elementor-element-populated\">\n\t\t\t\t\t\t<div class=\"elementor-element elementor-element-b8fa882 elementor-widget elementor-widget-spacer\" data-id=\"b8fa882\" data-element_type=\"widget\" data-e-type=\"widget\" data-widget_type=\"spacer.default\">\n\t\t\t\t<div class=\"elementor-widget-container\">\n\t\t\t\t\t\t\t<div class=\"elementor-spacer\">\n\t\t\t<div class=\"elementor-spacer-inner\"><\/div>\n\t\t<\/div>\n\t\t\t\t\t\t<\/div>\n\t\t\t\t<\/div>\n\t\t\t\t\t<\/div>\n\t\t<\/div>\n\t\t\t\t\t<\/div>\n\t\t<\/section>\n\t\t\t\t<section class=\"elementor-section elementor-top-section elementor-element elementor-element-2623657 elementor-section-boxed elementor-section-height-default elementor-section-height-default\" data-id=\"2623657\" data-element_type=\"section\" data-e-type=\"section\">\n\t\t\t\t\t\t<div class=\"elementor-container elementor-column-gap-default\">\n\t\t\t\t\t<div class=\"elementor-column elementor-col-100 elementor-top-column elementor-element elementor-element-765159d\" data-id=\"765159d\" data-element_type=\"column\" data-e-type=\"column\">\n\t\t\t<div class=\"elementor-widget-wrap elementor-element-populated\">\n\t\t\t\t\t\t<div class=\"elementor-element elementor-element-97682b8 elementor-widget elementor-widget-heading\" data-id=\"97682b8\" data-element_type=\"widget\" data-e-type=\"widget\" data-widget_type=\"heading.default\">\n\t\t\t\t<div class=\"elementor-widget-container\">\n\t\t\t\t\t<h2 class=\"elementor-heading-title elementor-size-default\">SUBLIMACI\u00d3N<\/h2>\t\t\t\t<\/div>\n\t\t\t\t<\/div>\n\t\t\t\t\t<\/div>\n\t\t<\/div>\n\t\t\t\t\t<\/div>\n\t\t<\/section>\n\t\t\t\t<section class=\"elementor-section elementor-top-section elementor-element elementor-element-443c1f6 elementor-section-boxed elementor-section-height-default elementor-section-height-default\" data-id=\"443c1f6\" data-element_type=\"section\" data-e-type=\"section\">\n\t\t\t\t\t\t<div class=\"elementor-container elementor-column-gap-default\">\n\t\t\t\t\t<div class=\"elementor-column elementor-col-100 elementor-top-column elementor-element elementor-element-6e28089\" data-id=\"6e28089\" data-element_type=\"column\" data-e-type=\"column\">\n\t\t\t<div class=\"elementor-widget-wrap elementor-element-populated\">\n\t\t\t\t\t\t<div class=\"elementor-element elementor-element-b6c6531 elementor-widget elementor-widget-text-editor\" data-id=\"b6c6531\" data-element_type=\"widget\" data-e-type=\"widget\" data-widget_type=\"text-editor.default\">\n\t\t\t\t<div class=\"elementor-widget-container\">\n\t\t\t\t\t\t\t\t\t<p>Se define como\u00a0<b>sublimaci\u00f3n<\/b>\u00a0al acto y consecuencia de\u00a0<b>sublimar<\/b>\u00a0es decir, pasar de forma directa del estado s\u00f3lido al de vapor. Hacer que la materia pase del estado s\u00f3lido al gaseoso, sin pasar en ning\u00fan momento por el estado l\u00edquido, es la acci\u00f3n de\u00a0<b>sublimar<\/b>.<\/p><p>La\u00a0<b>sublimaci\u00f3n<\/b>\u00a0(en el mundo de las personalizaci\u00f3n por\u00a0<b>dise\u00f1o gr\u00e1fico<\/b>) es una t\u00e9cnica de impresi\u00f3n del tipo digital, que posibilita decorar m\u00faltiples productos con\u00a0<b>dise\u00f1os<\/b> de calidad fotogr\u00e1fica. Brinda un acabado mucho m\u00e1s n\u00edtido, elegante y duradero.<\/p><p>\u00a0<\/p>\t\t\t\t\t\t\t\t<\/div>\n\t\t\t\t<\/div>\n\t\t\t\t\t<\/div>\n\t\t<\/div>\n\t\t\t\t\t<\/div>\n\t\t<\/section>\n\t\t\t\t<section class=\"elementor-section elementor-top-section elementor-element elementor-element-11b0826 elementor-section-boxed elementor-section-height-default elementor-section-height-default\" data-id=\"11b0826\" data-element_type=\"section\" data-e-type=\"section\">\n\t\t\t\t\t\t<div class=\"elementor-container elementor-column-gap-default\">\n\t\t\t\t\t<div class=\"elementor-column elementor-col-100 elementor-top-column elementor-element elementor-element-55e7688\" data-id=\"55e7688\" data-element_type=\"column\" data-e-type=\"column\">\n\t\t\t<div class=\"elementor-widget-wrap elementor-element-populated\">\n\t\t\t\t\t\t<div class=\"elementor-element elementor-element-7702446 elementor-widget elementor-widget-heading\" data-id=\"7702446\" data-element_type=\"widget\" data-e-type=\"widget\" data-widget_type=\"heading.default\">\n\t\t\t\t<div class=\"elementor-widget-container\">\n\t\t\t\t\t<h2 class=\"elementor-heading-title elementor-size-default\">Productos<\/h2>\t\t\t\t<\/div>\n\t\t\t\t<\/div>\n\t\t\t\t\t<\/div>\n\t\t<\/div>\n\t\t\t\t\t<\/div>\n\t\t<\/section>\n\t\t\t\t<section class=\"elementor-section elementor-top-section elementor-element elementor-element-3a4c6c8 elementor-section-boxed elementor-section-height-default elementor-section-height-default\" data-id=\"3a4c6c8\" data-element_type=\"section\" data-e-type=\"section\">\n\t\t\t\t\t\t<div class=\"elementor-container elementor-column-gap-default\">\n\t\t\t\t\t<div class=\"elementor-column elementor-col-33 elementor-top-column elementor-element elementor-element-8464f7e\" data-id=\"8464f7e\" data-element_type=\"column\" data-e-type=\"column\">\n\t\t\t<div class=\"elementor-widget-wrap elementor-element-populated\">\n\t\t\t\t\t\t<div class=\"elementor-element elementor-element-375ae0e elementor-widget elementor-widget-image\" data-id=\"375ae0e\" data-element_type=\"widget\" data-e-type=\"widget\" data-widget_type=\"image.default\">\n\t\t\t\t<div class=\"elementor-widget-container\">\n\t\t\t\t\t\t\t\t\t\t\t\t<figure class=\"wp-caption\">\n\t\t\t\t\t\t\t\t\t\t<img fetchpriority=\"high\" decoding=\"async\" width=\"945\" height=\"913\" src=\"https:\/\/yosublimo.disenioestudiog.com.ar\/wp-content\/uploads\/2021\/09\/Taza-de-ceramica.png\" class=\"attachment-large size-large wp-image-117\" alt=\"\" srcset=\"https:\/\/yosublimo.disenioestudiog.com.ar\/wp-content\/uploads\/2021\/09\/Taza-de-ceramica.png 945w, https:\/\/yosublimo.disenioestudiog.com.ar\/wp-content\/uploads\/2021\/09\/Taza-de-ceramica-300x290.png 300w, https:\/\/yosublimo.disenioestudiog.com.ar\/wp-content\/uploads\/2021\/09\/Taza-de-ceramica-768x742.png 768w\" sizes=\"(max-width: 945px) 100vw, 945px\" \/>\t\t\t\t\t\t\t\t\t\t\t<figcaption class=\"widget-image-caption wp-caption-text\">Taza recta de cer\u00e1mica<\/figcaption>\n\t\t\t\t\t\t\t\t\t\t<\/figure>\n\t\t\t\t\t\t\t\t\t<\/div>\n\t\t\t\t<\/div>\n\t\t\t\t\t<\/div>\n\t\t<\/div>\n\t\t\t\t<div class=\"elementor-column elementor-col-33 elementor-top-column elementor-element elementor-element-2055133\" data-id=\"2055133\" data-element_type=\"column\" data-e-type=\"column\">\n\t\t\t<div class=\"elementor-widget-wrap elementor-element-populated\">\n\t\t\t\t\t\t<div class=\"elementor-element elementor-element-eba7fdd elementor-widget elementor-widget-image\" data-id=\"eba7fdd\" data-element_type=\"widget\" data-e-type=\"widget\" data-widget_type=\"image.default\">\n\t\t\t\t<div class=\"elementor-widget-container\">\n\t\t\t\t\t\t\t\t\t\t\t\t<figure class=\"wp-caption\">\n\t\t\t\t\t\t\t\t\t\t<img decoding=\"async\" width=\"945\" height=\"947\" src=\"https:\/\/yosublimo.disenioestudiog.com.ar\/wp-content\/uploads\/2021\/09\/Taza-conica-de-ceramica.png\" class=\"attachment-large size-large wp-image-118\" alt=\"\" srcset=\"https:\/\/yosublimo.disenioestudiog.com.ar\/wp-content\/uploads\/2021\/09\/Taza-conica-de-ceramica.png 945w, https:\/\/yosublimo.disenioestudiog.com.ar\/wp-content\/uploads\/2021\/09\/Taza-conica-de-ceramica-300x300.png 300w, https:\/\/yosublimo.disenioestudiog.com.ar\/wp-content\/uploads\/2021\/09\/Taza-conica-de-ceramica-150x150.png 150w, https:\/\/yosublimo.disenioestudiog.com.ar\/wp-content\/uploads\/2021\/09\/Taza-conica-de-ceramica-768x770.png 768w\" sizes=\"(max-width: 945px) 100vw, 945px\" \/>\t\t\t\t\t\t\t\t\t\t\t<figcaption class=\"widget-image-caption wp-caption-text\">Taza c\u00f3nica de cer\u00e1mica<\/figcaption>\n\t\t\t\t\t\t\t\t\t\t<\/figure>\n\t\t\t\t\t\t\t\t\t<\/div>\n\t\t\t\t<\/div>\n\t\t\t\t\t<\/div>\n\t\t<\/div>\n\t\t\t\t<div class=\"elementor-column elementor-col-33 elementor-top-column elementor-element elementor-element-618f118\" data-id=\"618f118\" data-element_type=\"column\" data-e-type=\"column\">\n\t\t\t<div class=\"elementor-widget-wrap elementor-element-populated\">\n\t\t\t\t\t\t<div class=\"elementor-element elementor-element-0e215aa elementor-widget elementor-widget-image\" data-id=\"0e215aa\" data-element_type=\"widget\" data-e-type=\"widget\" data-widget_type=\"image.default\">\n\t\t\t\t<div class=\"elementor-widget-container\">\n\t\t\t\t\t\t\t\t\t\t\t\t<figure class=\"wp-caption\">\n\t\t\t\t\t\t\t\t\t\t<img decoding=\"async\" width=\"945\" height=\"892\" src=\"https:\/\/yosublimo.disenioestudiog.com.ar\/wp-content\/uploads\/2021\/09\/Taza-de-polimero.png\" class=\"attachment-large size-large wp-image-119\" alt=\"\" srcset=\"https:\/\/yosublimo.disenioestudiog.com.ar\/wp-content\/uploads\/2021\/09\/Taza-de-polimero.png 945w, https:\/\/yosublimo.disenioestudiog.com.ar\/wp-content\/uploads\/2021\/09\/Taza-de-polimero-300x283.png 300w, https:\/\/yosublimo.disenioestudiog.com.ar\/wp-content\/uploads\/2021\/09\/Taza-de-polimero-768x725.png 768w\" sizes=\"(max-width: 945px) 100vw, 945px\" \/>\t\t\t\t\t\t\t\t\t\t\t<figcaption class=\"widget-image-caption wp-caption-text\">Taza de pol\u00edmero<\/figcaption>\n\t\t\t\t\t\t\t\t\t\t<\/figure>\n\t\t\t\t\t\t\t\t\t<\/div>\n\t\t\t\t<\/div>\n\t\t\t\t\t<\/div>\n\t\t<\/div>\n\t\t\t\t\t<\/div>\n\t\t<\/section>\n\t\t\t\t<section class=\"elementor-section elementor-top-section elementor-element elementor-element-82552a0 elementor-section-boxed elementor-section-height-default elementor-section-height-default\" data-id=\"82552a0\" data-element_type=\"section\" data-e-type=\"section\">\n\t\t\t\t\t\t<div class=\"elementor-container elementor-column-gap-default\">\n\t\t\t\t\t<div class=\"elementor-column elementor-col-33 elementor-top-column elementor-element elementor-element-e23751d\" data-id=\"e23751d\" data-element_type=\"column\" data-e-type=\"column\">\n\t\t\t<div class=\"elementor-widget-wrap elementor-element-populated\">\n\t\t\t\t\t\t<div class=\"elementor-element elementor-element-cb7d3dd elementor-widget elementor-widget-image\" data-id=\"cb7d3dd\" data-element_type=\"widget\" data-e-type=\"widget\" data-widget_type=\"image.default\">\n\t\t\t\t<div class=\"elementor-widget-container\">\n\t\t\t\t\t\t\t\t\t\t\t\t<figure class=\"wp-caption\">\n\t\t\t\t\t\t\t\t\t\t<img loading=\"lazy\" decoding=\"async\" width=\"930\" height=\"1024\" src=\"https:\/\/yosublimo.disenioestudiog.com.ar\/wp-content\/uploads\/2021\/09\/Taza-de-polimero-conica-930x1024.png\" class=\"attachment-large size-large wp-image-123\" alt=\"\" srcset=\"https:\/\/yosublimo.disenioestudiog.com.ar\/wp-content\/uploads\/2021\/09\/Taza-de-polimero-conica-930x1024.png 930w, https:\/\/yosublimo.disenioestudiog.com.ar\/wp-content\/uploads\/2021\/09\/Taza-de-polimero-conica-272x300.png 272w, https:\/\/yosublimo.disenioestudiog.com.ar\/wp-content\/uploads\/2021\/09\/Taza-de-polimero-conica-768x846.png 768w, https:\/\/yosublimo.disenioestudiog.com.ar\/wp-content\/uploads\/2021\/09\/Taza-de-polimero-conica.png 945w\" sizes=\"(max-width: 930px) 100vw, 930px\" \/>\t\t\t\t\t\t\t\t\t\t\t<figcaption class=\"widget-image-caption wp-caption-text\">Taza de pol\u00edmero c\/cuchara (opcional)<\/figcaption>\n\t\t\t\t\t\t\t\t\t\t<\/figure>\n\t\t\t\t\t\t\t\t\t<\/div>\n\t\t\t\t<\/div>\n\t\t\t\t\t<\/div>\n\t\t<\/div>\n\t\t\t\t<div class=\"elementor-column elementor-col-33 elementor-top-column elementor-element elementor-element-f70c432\" data-id=\"f70c432\" data-element_type=\"column\" data-e-type=\"column\">\n\t\t\t<div class=\"elementor-widget-wrap elementor-element-populated\">\n\t\t\t\t\t\t<div class=\"elementor-element elementor-element-81690f3 elementor-widget__width-initial elementor-widget elementor-widget-image\" data-id=\"81690f3\" data-element_type=\"widget\" data-e-type=\"widget\" data-widget_type=\"image.default\">\n\t\t\t\t<div class=\"elementor-widget-container\">\n\t\t\t\t\t\t\t\t\t\t\t\t<figure class=\"wp-caption\">\n\t\t\t\t\t\t\t\t\t\t<img decoding=\"async\" src=\"https:\/\/yosublimo.disenioestudiog.com.ar\/wp-content\/uploads\/elementor\/thumbs\/mate-de-polimero-pd7d1k4j6lsshxmpy5sbf9cupedo3sy6bllherojx0.png\" title=\"mate de polimero\" alt=\"mate de polimero\" loading=\"lazy\" \/>\t\t\t\t\t\t\t\t\t\t\t<figcaption class=\"widget-image-caption wp-caption-text\">Mate de pol\u00edmero c\/accesorios<\/figcaption>\n\t\t\t\t\t\t\t\t\t\t<\/figure>\n\t\t\t\t\t\t\t\t\t<\/div>\n\t\t\t\t<\/div>\n\t\t\t\t\t<\/div>\n\t\t<\/div>\n\t\t\t\t<div class=\"elementor-column elementor-col-33 elementor-top-column elementor-element elementor-element-d7a2638\" data-id=\"d7a2638\" data-element_type=\"column\" data-e-type=\"column\">\n\t\t\t<div class=\"elementor-widget-wrap elementor-element-populated\">\n\t\t\t\t\t\t<div class=\"elementor-element elementor-element-f4c0f33 elementor-widget elementor-widget-image\" data-id=\"f4c0f33\" data-element_type=\"widget\" data-e-type=\"widget\" data-widget_type=\"image.default\">\n\t\t\t\t<div class=\"elementor-widget-container\">\n\t\t\t\t\t\t\t\t\t\t\t\t<figure class=\"wp-caption\">\n\t\t\t\t\t\t\t\t\t\t<img decoding=\"async\" src=\"https:\/\/yosublimo.disenioestudiog.com.ar\/wp-content\/uploads\/elementor\/thumbs\/mate-listo-pd7e2kzodohdszunr5xamx0h1rw5alxk2unzx4satw.png\" title=\"mate listo\" alt=\"mate listo\" loading=\"lazy\" \/>\t\t\t\t\t\t\t\t\t\t\t<figcaption class=\"widget-image-caption wp-caption-text\">Mate listo de pol\u00edmero<\/figcaption>\n\t\t\t\t\t\t\t\t\t\t<\/figure>\n\t\t\t\t\t\t\t\t\t<\/div>\n\t\t\t\t<\/div>\n\t\t\t\t\t<\/div>\n\t\t<\/div>\n\t\t\t\t\t<\/div>\n\t\t<\/section>\n\t\t\t\t<section class=\"elementor-section elementor-top-section elementor-element elementor-element-d194d1c elementor-section-boxed elementor-section-height-default elementor-section-height-default\" data-id=\"d194d1c\" data-element_type=\"section\" data-e-type=\"section\">\n\t\t\t\t\t\t<div class=\"elementor-container elementor-column-gap-default\">\n\t\t\t\t\t<div class=\"elementor-column elementor-col-33 elementor-top-column elementor-element elementor-element-597e2f6\" data-id=\"597e2f6\" data-element_type=\"column\" data-e-type=\"column\">\n\t\t\t<div class=\"elementor-widget-wrap elementor-element-populated\">\n\t\t\t\t\t\t<div class=\"elementor-element elementor-element-ea7fac4 elementor-widget elementor-widget-image\" data-id=\"ea7fac4\" data-element_type=\"widget\" data-e-type=\"widget\" data-widget_type=\"image.default\">\n\t\t\t\t<div class=\"elementor-widget-container\">\n\t\t\t\t\t\t\t\t\t\t\t\t<figure class=\"wp-caption\">\n\t\t\t\t\t\t\t\t\t\t<img loading=\"lazy\" decoding=\"async\" width=\"945\" height=\"947\" src=\"https:\/\/yosublimo.disenioestudiog.com.ar\/wp-content\/uploads\/2021\/09\/Vaso-termico-de-polimero.png\" class=\"attachment-large size-large wp-image-141\" alt=\"\" srcset=\"https:\/\/yosublimo.disenioestudiog.com.ar\/wp-content\/uploads\/2021\/09\/Vaso-termico-de-polimero.png 945w, https:\/\/yosublimo.disenioestudiog.com.ar\/wp-content\/uploads\/2021\/09\/Vaso-termico-de-polimero-300x300.png 300w, https:\/\/yosublimo.disenioestudiog.com.ar\/wp-content\/uploads\/2021\/09\/Vaso-termico-de-polimero-150x150.png 150w, https:\/\/yosublimo.disenioestudiog.com.ar\/wp-content\/uploads\/2021\/09\/Vaso-termico-de-polimero-768x770.png 768w\" sizes=\"(max-width: 945px) 100vw, 945px\" \/>\t\t\t\t\t\t\t\t\t\t\t<figcaption class=\"widget-image-caption wp-caption-text\">Vaso t\u00e9rmico de pol\u00edmero<\/figcaption>\n\t\t\t\t\t\t\t\t\t\t<\/figure>\n\t\t\t\t\t\t\t\t\t<\/div>\n\t\t\t\t<\/div>\n\t\t\t\t\t<\/div>\n\t\t<\/div>\n\t\t\t\t<div class=\"elementor-column elementor-col-33 elementor-top-column elementor-element elementor-element-43c7639\" data-id=\"43c7639\" data-element_type=\"column\" data-e-type=\"column\">\n\t\t\t<div class=\"elementor-widget-wrap elementor-element-populated\">\n\t\t\t\t\t\t<div class=\"elementor-element elementor-element-e29171f elementor-widget elementor-widget-image\" data-id=\"e29171f\" data-element_type=\"widget\" data-e-type=\"widget\" data-widget_type=\"image.default\">\n\t\t\t\t<div class=\"elementor-widget-container\">\n\t\t\t\t\t\t\t\t\t\t\t\t<figure class=\"wp-caption\">\n\t\t\t\t\t\t\t\t\t\t<img loading=\"lazy\" decoding=\"async\" width=\"945\" height=\"947\" src=\"https:\/\/yosublimo.disenioestudiog.com.ar\/wp-content\/uploads\/2021\/09\/Jarro-de-polimero.png\" class=\"attachment-large size-large wp-image-145\" alt=\"\" srcset=\"https:\/\/yosublimo.disenioestudiog.com.ar\/wp-content\/uploads\/2021\/09\/Jarro-de-polimero.png 945w, https:\/\/yosublimo.disenioestudiog.com.ar\/wp-content\/uploads\/2021\/09\/Jarro-de-polimero-300x300.png 300w, https:\/\/yosublimo.disenioestudiog.com.ar\/wp-content\/uploads\/2021\/09\/Jarro-de-polimero-150x150.png 150w, https:\/\/yosublimo.disenioestudiog.com.ar\/wp-content\/uploads\/2021\/09\/Jarro-de-polimero-768x770.png 768w\" sizes=\"(max-width: 945px) 100vw, 945px\" \/>\t\t\t\t\t\t\t\t\t\t\t<figcaption class=\"widget-image-caption wp-caption-text\">Jarro t\u00e9rmico de pol\u00edmero<\/figcaption>\n\t\t\t\t\t\t\t\t\t\t<\/figure>\n\t\t\t\t\t\t\t\t\t<\/div>\n\t\t\t\t<\/div>\n\t\t\t\t\t<\/div>\n\t\t<\/div>\n\t\t\t\t<div class=\"elementor-column elementor-col-33 elementor-top-column elementor-element elementor-element-f7a705d\" data-id=\"f7a705d\" data-element_type=\"column\" data-e-type=\"column\">\n\t\t\t<div class=\"elementor-widget-wrap elementor-element-populated\">\n\t\t\t\t\t\t<div class=\"elementor-element elementor-element-c0324f6 elementor-widget elementor-widget-image\" data-id=\"c0324f6\" data-element_type=\"widget\" data-e-type=\"widget\" data-widget_type=\"image.default\">\n\t\t\t\t<div class=\"elementor-widget-container\">\n\t\t\t\t\t\t\t\t\t\t\t\t<figure class=\"wp-caption\">\n\t\t\t\t\t\t\t\t\t\t<img loading=\"lazy\" decoding=\"async\" width=\"300\" height=\"300\" src=\"https:\/\/yosublimo.disenioestudiog.com.ar\/wp-content\/uploads\/2021\/09\/Vaso-de-polimero-300x300.png\" class=\"attachment-medium size-medium wp-image-150\" alt=\"\" srcset=\"https:\/\/yosublimo.disenioestudiog.com.ar\/wp-content\/uploads\/2021\/09\/Vaso-de-polimero-300x300.png 300w, https:\/\/yosublimo.disenioestudiog.com.ar\/wp-content\/uploads\/2021\/09\/Vaso-de-polimero-150x150.png 150w, https:\/\/yosublimo.disenioestudiog.com.ar\/wp-content\/uploads\/2021\/09\/Vaso-de-polimero-768x770.png 768w, https:\/\/yosublimo.disenioestudiog.com.ar\/wp-content\/uploads\/2021\/09\/Vaso-de-polimero.png 945w\" sizes=\"(max-width: 300px) 100vw, 300px\" \/>\t\t\t\t\t\t\t\t\t\t\t<figcaption class=\"widget-image-caption wp-caption-text\">Vaso de pol\u00edmero<\/figcaption>\n\t\t\t\t\t\t\t\t\t\t<\/figure>\n\t\t\t\t\t\t\t\t\t<\/div>\n\t\t\t\t<\/div>\n\t\t\t\t\t<\/div>\n\t\t<\/div>\n\t\t\t\t\t<\/div>\n\t\t<\/section>\n\t\t\t\t<section class=\"elementor-section elementor-top-section elementor-element elementor-element-a231123 elementor-section-boxed elementor-section-height-default elementor-section-height-default\" data-id=\"a231123\" data-element_type=\"section\" data-e-type=\"section\">\n\t\t\t\t\t\t<div class=\"elementor-container elementor-column-gap-default\">\n\t\t\t\t\t<div class=\"elementor-column elementor-col-33 elementor-top-column elementor-element elementor-element-6c9a56d\" data-id=\"6c9a56d\" data-element_type=\"column\" data-e-type=\"column\">\n\t\t\t<div class=\"elementor-widget-wrap elementor-element-populated\">\n\t\t\t\t\t\t<div class=\"elementor-element elementor-element-eb507aa elementor-widget elementor-widget-image\" data-id=\"eb507aa\" data-element_type=\"widget\" data-e-type=\"widget\" data-widget_type=\"image.default\">\n\t\t\t\t<div class=\"elementor-widget-container\">\n\t\t\t\t\t\t\t\t\t\t\t\t<figure class=\"wp-caption\">\n\t\t\t\t\t\t\t\t\t\t<img loading=\"lazy\" decoding=\"async\" width=\"945\" height=\"947\" src=\"https:\/\/yosublimo.disenioestudiog.com.ar\/wp-content\/uploads\/2021\/09\/Vaso-con-tapa-y-pico-color-polimero.png\" class=\"attachment-large size-large wp-image-154\" alt=\"\" srcset=\"https:\/\/yosublimo.disenioestudiog.com.ar\/wp-content\/uploads\/2021\/09\/Vaso-con-tapa-y-pico-color-polimero.png 945w, https:\/\/yosublimo.disenioestudiog.com.ar\/wp-content\/uploads\/2021\/09\/Vaso-con-tapa-y-pico-color-polimero-300x300.png 300w, https:\/\/yosublimo.disenioestudiog.com.ar\/wp-content\/uploads\/2021\/09\/Vaso-con-tapa-y-pico-color-polimero-150x150.png 150w, https:\/\/yosublimo.disenioestudiog.com.ar\/wp-content\/uploads\/2021\/09\/Vaso-con-tapa-y-pico-color-polimero-768x770.png 768w\" sizes=\"(max-width: 945px) 100vw, 945px\" \/>\t\t\t\t\t\t\t\t\t\t\t<figcaption class=\"widget-image-caption wp-caption-text\">Vaso con tapa y pico de pol\u00edmero<\/figcaption>\n\t\t\t\t\t\t\t\t\t\t<\/figure>\n\t\t\t\t\t\t\t\t\t<\/div>\n\t\t\t\t<\/div>\n\t\t\t\t\t<\/div>\n\t\t<\/div>\n\t\t\t\t<div class=\"elementor-column elementor-col-33 elementor-top-column elementor-element elementor-element-be4198e\" data-id=\"be4198e\" data-element_type=\"column\" data-e-type=\"column\">\n\t\t\t<div class=\"elementor-widget-wrap elementor-element-populated\">\n\t\t\t\t\t\t<div class=\"elementor-element elementor-element-61888de elementor-widget elementor-widget-image\" data-id=\"61888de\" data-element_type=\"widget\" data-e-type=\"widget\" data-widget_type=\"image.default\">\n\t\t\t\t<div class=\"elementor-widget-container\">\n\t\t\t\t\t\t\t\t\t\t\t\t<figure class=\"wp-caption\">\n\t\t\t\t\t\t\t\t\t\t<img loading=\"lazy\" decoding=\"async\" width=\"945\" height=\"947\" src=\"https:\/\/yosublimo.disenioestudiog.com.ar\/wp-content\/uploads\/2021\/09\/Botella-Hoppy-Termo-polimero.png\" class=\"attachment-large size-large wp-image-158\" alt=\"\" srcset=\"https:\/\/yosublimo.disenioestudiog.com.ar\/wp-content\/uploads\/2021\/09\/Botella-Hoppy-Termo-polimero.png 945w, https:\/\/yosublimo.disenioestudiog.com.ar\/wp-content\/uploads\/2021\/09\/Botella-Hoppy-Termo-polimero-300x300.png 300w, https:\/\/yosublimo.disenioestudiog.com.ar\/wp-content\/uploads\/2021\/09\/Botella-Hoppy-Termo-polimero-150x150.png 150w, https:\/\/yosublimo.disenioestudiog.com.ar\/wp-content\/uploads\/2021\/09\/Botella-Hoppy-Termo-polimero-768x770.png 768w\" sizes=\"(max-width: 945px) 100vw, 945px\" \/>\t\t\t\t\t\t\t\t\t\t\t<figcaption class=\"widget-image-caption wp-caption-text\">Botella Hoppy Termo de pol\u00edmero<\/figcaption>\n\t\t\t\t\t\t\t\t\t\t<\/figure>\n\t\t\t\t\t\t\t\t\t<\/div>\n\t\t\t\t<\/div>\n\t\t\t\t\t<\/div>\n\t\t<\/div>\n\t\t\t\t<div class=\"elementor-column elementor-col-33 elementor-top-column elementor-element elementor-element-71171b4\" data-id=\"71171b4\" data-element_type=\"column\" data-e-type=\"column\">\n\t\t\t<div class=\"elementor-widget-wrap elementor-element-populated\">\n\t\t\t\t\t\t<div class=\"elementor-element elementor-element-3a62dda elementor-widget elementor-widget-image\" data-id=\"3a62dda\" data-element_type=\"widget\" data-e-type=\"widget\" data-widget_type=\"image.default\">\n\t\t\t\t<div class=\"elementor-widget-container\">\n\t\t\t\t\t\t\t\t\t\t\t\t<figure class=\"wp-caption\">\n\t\t\t\t\t\t\t\t\t\t<img loading=\"lazy\" decoding=\"async\" width=\"945\" height=\"947\" src=\"https:\/\/yosublimo.disenioestudiog.com.ar\/wp-content\/uploads\/2021\/09\/Vaso-conico-con-agarradera.png\" class=\"attachment-large size-large wp-image-162\" alt=\"\" srcset=\"https:\/\/yosublimo.disenioestudiog.com.ar\/wp-content\/uploads\/2021\/09\/Vaso-conico-con-agarradera.png 945w, https:\/\/yosublimo.disenioestudiog.com.ar\/wp-content\/uploads\/2021\/09\/Vaso-conico-con-agarradera-300x300.png 300w, https:\/\/yosublimo.disenioestudiog.com.ar\/wp-content\/uploads\/2021\/09\/Vaso-conico-con-agarradera-150x150.png 150w, https:\/\/yosublimo.disenioestudiog.com.ar\/wp-content\/uploads\/2021\/09\/Vaso-conico-con-agarradera-768x770.png 768w\" sizes=\"(max-width: 945px) 100vw, 945px\" \/>\t\t\t\t\t\t\t\t\t\t\t<figcaption class=\"widget-image-caption wp-caption-text\">Vaso c\u00f3nico con tapa y agarradera de pol\u00edmero<\/figcaption>\n\t\t\t\t\t\t\t\t\t\t<\/figure>\n\t\t\t\t\t\t\t\t\t<\/div>\n\t\t\t\t<\/div>\n\t\t\t\t\t<\/div>\n\t\t<\/div>\n\t\t\t\t\t<\/div>\n\t\t<\/section>\n\t\t\t\t<\/div>\n\t\t","protected":false},"excerpt":{"rendered":"<p>SUBLIMACI\u00d3N Se define como\u00a0sublimaci\u00f3n\u00a0al acto y consecuencia de\u00a0sublimar\u00a0es decir, pasar de forma directa del estado s\u00f3lido al de vapor. Hacer que la materia pase del estado s\u00f3lido al gaseoso, sin&hellip; <\/p>\n","protected":false},"author":1,"featured_media":0,"parent":0,"menu_order":0,"comment_status":"closed","ping_status":"closed","template":"","meta":{"footnotes":""},"class_list":["post-11","page","type-page","status-publish","hentry"],"_links":{"self":[{"href":"https:\/\/yosublimo.disenioestudiog.com.ar\/index.php?rest_route=\/wp\/v2\/pages\/11","targetHints":{"allow":["GET"]}}],"collection":[{"href":"https:\/\/yosublimo.disenioestudiog.com.ar\/index.php?rest_route=\/wp\/v2\/pages"}],"about":[{"href":"https:\/\/yosublimo.disenioestudiog.com.ar\/index.php?rest_route=\/wp\/v2\/types\/page"}],"author":[{"embeddable":true,"href":"https:\/\/yosublimo.disenioestudiog.com.ar\/index.php?rest_route=\/wp\/v2\/users\/1"}],"replies":[{"embeddable":true,"href":"https:\/\/yosublimo.disenioestudiog.com.ar\/index.php?rest_route=%2Fwp%2Fv2%2Fcomments&post=11"}],"version-history":[{"count":43,"href":"https:\/\/yosublimo.disenioestudiog.com.ar\/index.php?rest_route=\/wp\/v2\/pages\/11\/revisions"}],"predecessor-version":[{"id":183,"href":"https:\/\/yosublimo.disenioestudiog.com.ar\/index.php?rest_route=\/wp\/v2\/pages\/11\/revisions\/183"}],"wp:attachment":[{"href":"https:\/\/yosublimo.disenioestudiog.com.ar\/index.php?rest_route=%2Fwp%2Fv2%2Fmedia&parent=11"}],"curies":[{"name":"wp","href":"https:\/\/api.w.org\/{rel}","templated":true}]}}